{"id":749,"date":"2024-10-29T18:52:09","date_gmt":"2024-10-30T00:52:09","guid":{"rendered":"https:\/\/www.agenciacreamos.com\/?page_id=749"},"modified":"2024-10-29T19:23:44","modified_gmt":"2024-10-30T01:23:44","slug":"menu-digital-costa-rica","status":"publish","type":"page","link":"https:\/\/www.agenciacreamos.com\/en\/menu-digital-costa-rica\/","title":{"rendered":"Menu Digital Costa Rica"},"content":{"rendered":"<div data-elementor-type=\"wp-page\" data-elementor-id=\"749\" class=\"elementor elementor-749\" data-elementor-post-type=\"page\">\n\t\t\t\t<div class=\"elementor-element elementor-element-09c051d e-flex e-con-boxed e-con e-parent\" data-id=\"09c051d\" data-element_type=\"container\">\n\t\t\t\t\t<div class=\"e-con-inner\">\n\t\t\t\t<div class=\"elementor-element elementor-element-291f266 elementor-widget elementor-widget-heading\" data-id=\"291f266\" data-element_type=\"widget\" data-widget_type=\"heading.default\">\n\t\t\t\t<div class=\"elementor-widget-container\">\n\t\t\t\t\t<h1 class=\"elementor-heading-title elementor-size-default\">menu digital costa Rica<\/h1>\t\t\t\t<\/div>\n\t\t\t\t<\/div>\n\t\t\t\t<div class=\"elementor-element elementor-element-90a557c elementor-widget-divider--view-line elementor-widget elementor-widget-divider\" data-id=\"90a557c\" data-element_type=\"widget\" data-widget_type=\"divider.default\">\n\t\t\t\t<div class=\"elementor-widget-container\">\n\t\t\t\t\t\t\t<div class=\"elementor-divider\">\n\t\t\t<span class=\"elementor-divider-separator\">\n\t\t\t\t\t\t<\/span>\n\t\t<\/div>\n\t\t\t\t\t\t<\/div>\n\t\t\t\t<\/div>\n\t\t\t\t<div class=\"elementor-element elementor-element-46f83ad elementor-widget elementor-widget-heading\" data-id=\"46f83ad\" data-element_type=\"widget\" data-widget_type=\"heading.default\">\n\t\t\t\t<div class=\"elementor-widget-container\">\n\t\t\t\t\t<h2 class=\"elementor-heading-title elementor-size-default\">Qu\u00e9 es un menu digital?<\/h2>\t\t\t\t<\/div>\n\t\t\t\t<\/div>\n\t\t\t\t<div class=\"elementor-element elementor-element-5b5d394 elementor-widget elementor-widget-text-editor\" data-id=\"5b5d394\" data-element_type=\"widget\" data-widget_type=\"text-editor.default\">\n\t\t\t\t<div class=\"elementor-widget-container\">\n\t\t\t\t\t\t\t\t\t<p>Un men\u00fa digital online es una versi\u00f3n interactiva y accesible del men\u00fa tradicional que se presenta a trav\u00e9s de dispositivos m\u00f3viles o tablets. Los clientes pueden escanear un c\u00f3digo QR o acceder a un enlace para ver el men\u00fa en sus propios dispositivos, eliminando la necesidad de tocar men\u00fas f\u00edsicos. Esta tecnolog\u00eda no solo facilita la navegaci\u00f3n del men\u00fa, sino que tambi\u00e9n permite a los restaurantes actualizar sus precios y opciones en tiempo real sin costos adicionales de impresi\u00f3n.<\/p>\n<p><!-- \/wp:paragraph --><!-- wp:paragraph --><\/p>\n<p>\u00a0<\/p>\t\t\t\t\t\t\t\t<\/div>\n\t\t\t\t<\/div>\n\t\t\t\t<div class=\"elementor-element elementor-element-9b5fdfb elementor-widget elementor-widget-heading\" data-id=\"9b5fdfb\" data-element_type=\"widget\" data-widget_type=\"heading.default\">\n\t\t\t\t<div class=\"elementor-widget-container\">\n\t\t\t\t\t<h2 class=\"elementor-heading-title elementor-size-default\">Qu\u00e9 te ofrece Agencia creamos<\/h2>\t\t\t\t<\/div>\n\t\t\t\t<\/div>\n\t\t\t\t<div class=\"elementor-element elementor-element-ffd9297 elementor-widget elementor-widget-text-editor\" data-id=\"ffd9297\" data-element_type=\"widget\" data-widget_type=\"text-editor.default\">\n\t\t\t\t<div class=\"elementor-widget-container\">\n\t\t\t\t\t\t\t\t\t<p><strong>Nuestro Men\u00fa Digital Online<\/strong> ofrece una experiencia moderna y accesible para tu negocio. Contamos con:<\/p>\n<ul>\n<li><strong>Men\u00fa digital en l\u00ednea<\/strong>: Dise\u00f1ado para facilitar a tus clientes la navegaci\u00f3n del men\u00fa desde cualquier dispositivo.<\/li>\n<li><strong>Generaci\u00f3n de c\u00f3digos QR personalizados<\/strong>: Permite a los clientes acceder al men\u00fa simplemente escaneando el c\u00f3digo.<\/li>\n<li><strong>Presentaci\u00f3n moderna y elegante<\/strong>: Un dise\u00f1o visual atractivo que mejora la imagen de tu negocio.<\/li>\n<li><strong>Actualizaci\u00f3n de precios en tiempo real<\/strong>: A trav\u00e9s de un panel de administraci\u00f3n intuitivo, podr\u00e1s cambiar precios y opciones de manera instant\u00e1nea.<\/li>\n<li><strong>Pedidos en l\u00ednea<\/strong>: Los clientes pueden seleccionar elementos del men\u00fa, y recibir\u00e1s una notificaci\u00f3n directamente en tu panel de administraci\u00f3n.<\/li>\n<li><strong>Pedidos v\u00eda WhatsApp<\/strong>: Integraci\u00f3n directa para que los clientes puedan ordenar r\u00e1pidamente a trav\u00e9s de WhatsApp.<\/li>\n<\/ul>\n<p>\u00a1Simplifica y moderniza la gesti\u00f3n de tu negocio con nuestro men\u00fa digital online!<\/p>\n<p>\u00a0<\/p>\n<p>Registrate ahora completamente gratis para empezar a armar tu men\u00fa y publicarlo lo antes posible usando este link\u00a0<span style=\"color: #3366ff;\"><strong><a style=\"text-align: var(--text-align); background-color: #ffffff; color: #3366ff;\" href=\"https:\/\/menudigital.agenciacreamos.com\/signup\" target=\"_blank\" rel=\"noopener\">https:\/\/menudigital.agenciacreamos.com\/signup<\/a><\/strong><\/span><\/p>\n<p><!-- \/wp:paragraph --><!-- wp:paragraph --><\/p>\n<p>\u00a0<\/p>\t\t\t\t\t\t\t\t<\/div>\n\t\t\t\t<\/div>\n\t\t\t\t<div class=\"elementor-element elementor-element-6db5ea7 elementor-widget elementor-widget-text-editor\" data-id=\"6db5ea7\" data-element_type=\"widget\" data-widget_type=\"text-editor.default\">\n\t\t\t\t<div class=\"elementor-widget-container\">\n\t\t\t\t\t\t\t\t\t<p>A continuaci\u00f3n\u00a0 te mostramos la funcionalidad del menu digital:<\/p>\n<p>En la siguiente imagen puedes ver como quedaria tu menu digital una vez te hayas registrado y configurado el menu en el panel administrativo.<\/p>\n<p>\u00a0<\/p>\n<p><!-- \/wp:paragraph --><!-- wp:paragraph --><\/p>\n<p>\u00a0<\/p>\t\t\t\t\t\t\t\t<\/div>\n\t\t\t\t<\/div>\n\t\t\t\t<div class=\"elementor-element elementor-element-e9ab1fd elementor-widget elementor-widget-image\" data-id=\"e9ab1fd\" data-element_type=\"widget\" data-widget_type=\"image.default\">\n\t\t\t\t<div class=\"elementor-widget-container\">\n\t\t\t\t\t\t\t\t\t\t\t\t\t\t\t<img fetchpriority=\"high\" decoding=\"async\" width=\"473\" height=\"1024\" src=\"https:\/\/www.agenciacreamos.com\/wp-content\/uploads\/2024\/10\/Screen-Shot-2024-10-29-at-19.03.44-473x1024.png\" class=\"attachment-large size-large wp-image-767\" alt=\"\" srcset=\"https:\/\/www.agenciacreamos.com\/wp-content\/uploads\/2024\/10\/Screen-Shot-2024-10-29-at-19.03.44-473x1024.png 473w, https:\/\/www.agenciacreamos.com\/wp-content\/uploads\/2024\/10\/Screen-Shot-2024-10-29-at-19.03.44-139x300.png 139w, https:\/\/www.agenciacreamos.com\/wp-content\/uploads\/2024\/10\/Screen-Shot-2024-10-29-at-19.03.44-768x1662.png 768w, https:\/\/www.agenciacreamos.com\/wp-content\/uploads\/2024\/10\/Screen-Shot-2024-10-29-at-19.03.44-710x1536.png 710w, https:\/\/www.agenciacreamos.com\/wp-content\/uploads\/2024\/10\/Screen-Shot-2024-10-29-at-19.03.44-946x2048.png 946w, https:\/\/www.agenciacreamos.com\/wp-content\/uploads\/2024\/10\/Screen-Shot-2024-10-29-at-19.03.44.png 1170w\" sizes=\"(max-width: 473px) 100vw, 473px\" \/>\t\t\t\t\t\t\t\t\t\t\t\t\t\t\t<\/div>\n\t\t\t\t<\/div>\n\t\t\t\t<div class=\"elementor-element elementor-element-22ab2bd elementor-widget elementor-widget-text-editor\" data-id=\"22ab2bd\" data-element_type=\"widget\" data-widget_type=\"text-editor.default\">\n\t\t\t\t<div class=\"elementor-widget-container\">\n\t\t\t\t\t\t\t\t\t<p>Tambien tiene una funcionalidad para llamar a un mesero<\/p>\t\t\t\t\t\t\t\t<\/div>\n\t\t\t\t<\/div>\n\t\t\t\t<div class=\"elementor-element elementor-element-2bb7c19 elementor-widget elementor-widget-image\" data-id=\"2bb7c19\" data-element_type=\"widget\" data-widget_type=\"image.default\">\n\t\t\t\t<div class=\"elementor-widget-container\">\n\t\t\t\t\t\t\t\t\t\t\t\t\t\t\t<img decoding=\"async\" width=\"473\" height=\"1024\" src=\"https:\/\/www.agenciacreamos.com\/wp-content\/uploads\/2024\/10\/Screen-Shot-2024-10-29-at-19.03.52-473x1024.png\" class=\"attachment-large size-large wp-image-768\" alt=\"\" srcset=\"https:\/\/www.agenciacreamos.com\/wp-content\/uploads\/2024\/10\/Screen-Shot-2024-10-29-at-19.03.52-473x1024.png 473w, https:\/\/www.agenciacreamos.com\/wp-content\/uploads\/2024\/10\/Screen-Shot-2024-10-29-at-19.03.52-139x300.png 139w, https:\/\/www.agenciacreamos.com\/wp-content\/uploads\/2024\/10\/Screen-Shot-2024-10-29-at-19.03.52-768x1662.png 768w, https:\/\/www.agenciacreamos.com\/wp-content\/uploads\/2024\/10\/Screen-Shot-2024-10-29-at-19.03.52-710x1536.png 710w, https:\/\/www.agenciacreamos.com\/wp-content\/uploads\/2024\/10\/Screen-Shot-2024-10-29-at-19.03.52-946x2048.png 946w, https:\/\/www.agenciacreamos.com\/wp-content\/uploads\/2024\/10\/Screen-Shot-2024-10-29-at-19.03.52.png 1170w\" sizes=\"(max-width: 473px) 100vw, 473px\" \/>\t\t\t\t\t\t\t\t\t\t\t\t\t\t\t<\/div>\n\t\t\t\t<\/div>\n\t\t\t\t<div class=\"elementor-element elementor-element-398da3d elementor-widget elementor-widget-text-editor\" data-id=\"398da3d\" data-element_type=\"widget\" data-widget_type=\"text-editor.default\">\n\t\t\t\t<div class=\"elementor-widget-container\">\n\t\t\t\t\t\t\t\t\t<p>Notificaciones de pedidos en el panel administrativo en tiempo real<\/p>\t\t\t\t\t\t\t\t<\/div>\n\t\t\t\t<\/div>\n\t\t\t\t\t<\/div>\n\t\t\t\t<\/div>\n\t\t<div class=\"elementor-element elementor-element-7d081ca e-flex e-con-boxed e-con e-parent\" data-id=\"7d081ca\" data-element_type=\"container\">\n\t\t\t\t\t<div class=\"e-con-inner\">\n\t\t\t\t<div class=\"elementor-element elementor-element-8fa521c elementor-widget elementor-widget-image\" data-id=\"8fa521c\" data-element_type=\"widget\" data-widget_type=\"image.default\">\n\t\t\t\t<div class=\"elementor-widget-container\">\n\t\t\t\t\t\t\t\t\t\t\t\t\t\t\t<img decoding=\"async\" width=\"800\" height=\"368\" src=\"https:\/\/www.agenciacreamos.com\/wp-content\/uploads\/2024\/10\/Screenshot-2024-10-29-at-19.05.27-1024x471.png\" class=\"attachment-large size-large wp-image-772\" alt=\"\" srcset=\"https:\/\/www.agenciacreamos.com\/wp-content\/uploads\/2024\/10\/Screenshot-2024-10-29-at-19.05.27-1024x471.png 1024w, https:\/\/www.agenciacreamos.com\/wp-content\/uploads\/2024\/10\/Screenshot-2024-10-29-at-19.05.27-300x138.png 300w, https:\/\/www.agenciacreamos.com\/wp-content\/uploads\/2024\/10\/Screenshot-2024-10-29-at-19.05.27-768x353.png 768w, https:\/\/www.agenciacreamos.com\/wp-content\/uploads\/2024\/10\/Screenshot-2024-10-29-at-19.05.27-1536x706.png 1536w, https:\/\/www.agenciacreamos.com\/wp-content\/uploads\/2024\/10\/Screenshot-2024-10-29-at-19.05.27-2048x941.png 2048w, https:\/\/www.agenciacreamos.com\/wp-content\/uploads\/2024\/10\/Screenshot-2024-10-29-at-19.05.27-1320x607.png 1320w\" sizes=\"(max-width: 800px) 100vw, 800px\" \/>\t\t\t\t\t\t\t\t\t\t\t\t\t\t\t<\/div>\n\t\t\t\t<\/div>\n\t\t\t\t\t<\/div>\n\t\t\t\t<\/div>\n\t\t\t\t<\/div>","protected":false},"excerpt":{"rendered":"<p>menu digital costa Rica Qu\u00e9 es un menu digital? Un men\u00fa digital online es una versi\u00f3n interactiva y accesible del men\u00fa tradicional que se presenta a trav\u00e9s de dispositivos m\u00f3viles o tablets. Los clientes pueden escanear un c\u00f3digo QR o acceder a un enlace para ver el men\u00fa en sus propios dispositivos, eliminando la necesidad [&hellip;]<\/p>","protected":false},"author":1,"featured_media":0,"parent":0,"menu_order":0,"comment_status":"closed","ping_status":"closed","template":"","meta":{"_acf_changed":false,"_monsterinsights_skip_tracking":false,"_monsterinsights_sitenote_active":false,"_monsterinsights_sitenote_note":"","_monsterinsights_sitenote_category":0,"footnotes":""},"class_list":["post-749","page","type-page","status-publish","hentry"],"acf":[],"yoast_head":"<!-- This site is optimized with the Yoast SEO plugin v22.9 - https:\/\/yoast.com\/wordpress\/plugins\/seo\/ -->\n<title>Menu Digital Costa Rica - Agencia Creamos<\/title>\n<meta name=\"robots\" content=\"index, follow, max-snippet:-1, max-image-preview:large, max-video-preview:-1\" \/>\n<link rel=\"canonical\" href=\"https:\/\/www.agenciacreamos.com\/en\/menu-digital-costa-rica\/\" \/>\n<meta property=\"og:locale\" content=\"en_US\" \/>\n<meta property=\"og:type\" content=\"article\" \/>\n<meta property=\"og:title\" content=\"Menu Digital Costa Rica - Agencia Creamos\" \/>\n<meta property=\"og:description\" content=\"menu digital costa Rica Qu\u00e9 es un menu digital? Un men\u00fa digital online es una versi\u00f3n interactiva y accesible del men\u00fa tradicional que se presenta a trav\u00e9s de dispositivos m\u00f3viles o tablets. Los clientes pueden escanear un c\u00f3digo QR o acceder a un enlace para ver el men\u00fa en sus propios dispositivos, eliminando la necesidad [&hellip;]\" \/>\n<meta property=\"og:url\" content=\"https:\/\/www.agenciacreamos.com\/en\/menu-digital-costa-rica\/\" \/>\n<meta property=\"og:site_name\" content=\"Agencia Creamos\" \/>\n<meta property=\"article:publisher\" content=\"https:\/\/www.facebook.com\/agenciacreamoscr\" \/>\n<meta property=\"article:modified_time\" content=\"2024-10-30T01:23:44+00:00\" \/>\n<meta property=\"og:image\" content=\"https:\/\/www.agenciacreamos.com\/wp-content\/uploads\/2024\/10\/Screen-Shot-2024-10-29-at-19.03.44-473x1024.png\" \/>\n<meta name=\"twitter:card\" content=\"summary_large_image\" \/>\n<meta name=\"twitter:label1\" content=\"Est. reading time\" \/>\n\t<meta name=\"twitter:data1\" content=\"2 minutes\" \/>\n<script type=\"application\/ld+json\" class=\"yoast-schema-graph\">{\"@context\":\"https:\/\/schema.org\",\"@graph\":[{\"@type\":\"WebPage\",\"@id\":\"https:\/\/www.agenciacreamos.com\/menu-digital-costa-rica\/\",\"url\":\"https:\/\/www.agenciacreamos.com\/menu-digital-costa-rica\/\",\"name\":\"Menu Digital Costa Rica - Agencia Creamos\",\"isPartOf\":{\"@id\":\"https:\/\/www.agenciacreamos.com\/#website\"},\"primaryImageOfPage\":{\"@id\":\"https:\/\/www.agenciacreamos.com\/menu-digital-costa-rica\/#primaryimage\"},\"image\":{\"@id\":\"https:\/\/www.agenciacreamos.com\/menu-digital-costa-rica\/#primaryimage\"},\"thumbnailUrl\":\"https:\/\/www.agenciacreamos.com\/wp-content\/uploads\/2024\/10\/Screen-Shot-2024-10-29-at-19.03.44-473x1024.png\",\"datePublished\":\"2024-10-30T00:52:09+00:00\",\"dateModified\":\"2024-10-30T01:23:44+00:00\",\"breadcrumb\":{\"@id\":\"https:\/\/www.agenciacreamos.com\/menu-digital-costa-rica\/#breadcrumb\"},\"inLanguage\":\"en-US\",\"potentialAction\":[{\"@type\":\"ReadAction\",\"target\":[\"https:\/\/www.agenciacreamos.com\/menu-digital-costa-rica\/\"]}]},{\"@type\":\"ImageObject\",\"inLanguage\":\"en-US\",\"@id\":\"https:\/\/www.agenciacreamos.com\/menu-digital-costa-rica\/#primaryimage\",\"url\":\"https:\/\/www.agenciacreamos.com\/wp-content\/uploads\/2024\/10\/Screen-Shot-2024-10-29-at-19.03.44-473x1024.png\",\"contentUrl\":\"https:\/\/www.agenciacreamos.com\/wp-content\/uploads\/2024\/10\/Screen-Shot-2024-10-29-at-19.03.44-473x1024.png\"},{\"@type\":\"BreadcrumbList\",\"@id\":\"https:\/\/www.agenciacreamos.com\/menu-digital-costa-rica\/#breadcrumb\",\"itemListElement\":[{\"@type\":\"ListItem\",\"position\":1,\"name\":\"Home\",\"item\":\"https:\/\/www.agenciacreamos.com\/\"},{\"@type\":\"ListItem\",\"position\":2,\"name\":\"Menu Digital Costa Rica\"}]},{\"@type\":\"WebSite\",\"@id\":\"https:\/\/www.agenciacreamos.com\/#website\",\"url\":\"https:\/\/www.agenciacreamos.com\/\",\"name\":\"Agencia Creamos\",\"description\":\"Agencia de Servicios Digitales\",\"publisher\":{\"@id\":\"https:\/\/www.agenciacreamos.com\/#organization\"},\"potentialAction\":[{\"@type\":\"SearchAction\",\"target\":{\"@type\":\"EntryPoint\",\"urlTemplate\":\"https:\/\/www.agenciacreamos.com\/?s={search_term_string}\"},\"query-input\":\"required name=search_term_string\"}],\"inLanguage\":\"en-US\"},{\"@type\":\"Organization\",\"@id\":\"https:\/\/www.agenciacreamos.com\/#organization\",\"name\":\"Agencia Creamos\",\"url\":\"https:\/\/www.agenciacreamos.com\/\",\"logo\":{\"@type\":\"ImageObject\",\"inLanguage\":\"en-US\",\"@id\":\"https:\/\/www.agenciacreamos.com\/#\/schema\/logo\/image\/\",\"url\":\"https:\/\/agenciacreamos.com\/wp-content\/uploads\/2024\/05\/creamos-logo-transparent.png\",\"contentUrl\":\"https:\/\/agenciacreamos.com\/wp-content\/uploads\/2024\/05\/creamos-logo-transparent.png\",\"width\":766,\"height\":158,\"caption\":\"Agencia Creamos\"},\"image\":{\"@id\":\"https:\/\/www.agenciacreamos.com\/#\/schema\/logo\/image\/\"},\"sameAs\":[\"https:\/\/www.facebook.com\/agenciacreamoscr\",\"https:\/\/www.instagram.com\/agenciacreamoscr?fbclid=IwAR3kBAnTr8MxBM92WF73g_erRSbFgkCbhhyfXbB5FpF8g0i2E0ghmVv5Pn8\"]}]}<\/script>\n<!-- \/ Yoast SEO plugin. -->","yoast_head_json":{"title":"Menu Digital Costa Rica - Agencia Creamos","robots":{"index":"index","follow":"follow","max-snippet":"max-snippet:-1","max-image-preview":"max-image-preview:large","max-video-preview":"max-video-preview:-1"},"canonical":"https:\/\/www.agenciacreamos.com\/en\/menu-digital-costa-rica\/","og_locale":"en_US","og_type":"article","og_title":"Menu Digital Costa Rica - Agencia Creamos","og_description":"menu digital costa Rica Qu\u00e9 es un menu digital? Un men\u00fa digital online es una versi\u00f3n interactiva y accesible del men\u00fa tradicional que se presenta a trav\u00e9s de dispositivos m\u00f3viles o tablets. Los clientes pueden escanear un c\u00f3digo QR o acceder a un enlace para ver el men\u00fa en sus propios dispositivos, eliminando la necesidad [&hellip;]","og_url":"https:\/\/www.agenciacreamos.com\/en\/menu-digital-costa-rica\/","og_site_name":"Agencia Creamos","article_publisher":"https:\/\/www.facebook.com\/agenciacreamoscr","article_modified_time":"2024-10-30T01:23:44+00:00","og_image":[{"url":"https:\/\/www.agenciacreamos.com\/wp-content\/uploads\/2024\/10\/Screen-Shot-2024-10-29-at-19.03.44-473x1024.png"}],"twitter_card":"summary_large_image","twitter_misc":{"Est. reading time":"2 minutes"},"schema":{"@context":"https:\/\/schema.org","@graph":[{"@type":"WebPage","@id":"https:\/\/www.agenciacreamos.com\/menu-digital-costa-rica\/","url":"https:\/\/www.agenciacreamos.com\/menu-digital-costa-rica\/","name":"Menu Digital Costa Rica - Agencia Creamos","isPartOf":{"@id":"https:\/\/www.agenciacreamos.com\/#website"},"primaryImageOfPage":{"@id":"https:\/\/www.agenciacreamos.com\/menu-digital-costa-rica\/#primaryimage"},"image":{"@id":"https:\/\/www.agenciacreamos.com\/menu-digital-costa-rica\/#primaryimage"},"thumbnailUrl":"https:\/\/www.agenciacreamos.com\/wp-content\/uploads\/2024\/10\/Screen-Shot-2024-10-29-at-19.03.44-473x1024.png","datePublished":"2024-10-30T00:52:09+00:00","dateModified":"2024-10-30T01:23:44+00:00","breadcrumb":{"@id":"https:\/\/www.agenciacreamos.com\/menu-digital-costa-rica\/#breadcrumb"},"inLanguage":"en-US","potentialAction":[{"@type":"ReadAction","target":["https:\/\/www.agenciacreamos.com\/menu-digital-costa-rica\/"]}]},{"@type":"ImageObject","inLanguage":"en-US","@id":"https:\/\/www.agenciacreamos.com\/menu-digital-costa-rica\/#primaryimage","url":"https:\/\/www.agenciacreamos.com\/wp-content\/uploads\/2024\/10\/Screen-Shot-2024-10-29-at-19.03.44-473x1024.png","contentUrl":"https:\/\/www.agenciacreamos.com\/wp-content\/uploads\/2024\/10\/Screen-Shot-2024-10-29-at-19.03.44-473x1024.png"},{"@type":"BreadcrumbList","@id":"https:\/\/www.agenciacreamos.com\/menu-digital-costa-rica\/#breadcrumb","itemListElement":[{"@type":"ListItem","position":1,"name":"Home","item":"https:\/\/www.agenciacreamos.com\/"},{"@type":"ListItem","position":2,"name":"Menu Digital Costa Rica"}]},{"@type":"WebSite","@id":"https:\/\/www.agenciacreamos.com\/#website","url":"https:\/\/www.agenciacreamos.com\/","name":"Agencia Creamos","description":"Agencia de Servicios Digitales","publisher":{"@id":"https:\/\/www.agenciacreamos.com\/#organization"},"potentialAction":[{"@type":"SearchAction","target":{"@type":"EntryPoint","urlTemplate":"https:\/\/www.agenciacreamos.com\/?s={search_term_string}"},"query-input":"required name=search_term_string"}],"inLanguage":"en-US"},{"@type":"Organization","@id":"https:\/\/www.agenciacreamos.com\/#organization","name":"Agencia Creamos","url":"https:\/\/www.agenciacreamos.com\/","logo":{"@type":"ImageObject","inLanguage":"en-US","@id":"https:\/\/www.agenciacreamos.com\/#\/schema\/logo\/image\/","url":"https:\/\/agenciacreamos.com\/wp-content\/uploads\/2024\/05\/creamos-logo-transparent.png","contentUrl":"https:\/\/agenciacreamos.com\/wp-content\/uploads\/2024\/05\/creamos-logo-transparent.png","width":766,"height":158,"caption":"Agencia Creamos"},"image":{"@id":"https:\/\/www.agenciacreamos.com\/#\/schema\/logo\/image\/"},"sameAs":["https:\/\/www.facebook.com\/agenciacreamoscr","https:\/\/www.instagram.com\/agenciacreamoscr?fbclid=IwAR3kBAnTr8MxBM92WF73g_erRSbFgkCbhhyfXbB5FpF8g0i2E0ghmVv5Pn8"]}]}},"_links":{"self":[{"href":"https:\/\/www.agenciacreamos.com\/en\/wp-json\/wp\/v2\/pages\/749","targetHints":{"allow":["GET"]}}],"collection":[{"href":"https:\/\/www.agenciacreamos.com\/en\/wp-json\/wp\/v2\/pages"}],"about":[{"href":"https:\/\/www.agenciacreamos.com\/en\/wp-json\/wp\/v2\/types\/page"}],"author":[{"embeddable":true,"href":"https:\/\/www.agenciacreamos.com\/en\/wp-json\/wp\/v2\/users\/1"}],"replies":[{"embeddable":true,"href":"https:\/\/www.agenciacreamos.com\/en\/wp-json\/wp\/v2\/comments?post=749"}],"version-history":[{"count":22,"href":"https:\/\/www.agenciacreamos.com\/en\/wp-json\/wp\/v2\/pages\/749\/revisions"}],"predecessor-version":[{"id":775,"href":"https:\/\/www.agenciacreamos.com\/en\/wp-json\/wp\/v2\/pages\/749\/revisions\/775"}],"wp:attachment":[{"href":"https:\/\/www.agenciacreamos.com\/en\/wp-json\/wp\/v2\/media?parent=749"}],"curies":[{"name":"wp","href":"https:\/\/api.w.org\/{rel}","templated":true}]}}