{"id":3,"date":"2023-09-14T23:22:10","date_gmt":"2023-09-15T05:22:10","guid":{"rendered":"http:\/\/box2337\/cgi\/addon_GT.cgi?s=GT::WP::Install::Cpanel+%28earniny0%29+-+10.0.87.10+%5BWordpress%3b+\/var\/hp\/common\/lib\/Wordpress.pm%3b+534%3b+Hosting::gap_call%5D\/?page_id=3"},"modified":"2025-10-23T22:42:12","modified_gmt":"2025-10-24T04:42:12","slug":"politicas","status":"publish","type":"page","link":"https:\/\/www.agenciacreamos.com\/en\/politicas\/","title":{"rendered":"Policies"},"content":{"rendered":"<h2 class=\"wp-block-heading\"><strong>POL\u00cdTICA DE PRIVACIDAD<\/strong><\/h2>\n\n\n\n<p>El presente documento establece LAS POLITICAS DE PRIVACIDAD Generales de Uso y Contrataci\u00f3n (en adelante, \u00abPOLITICA DE PRIVACIDAD\u00bb) que regir\u00e1n la relaci\u00f3n entre Rodolfo Andrey Cruz Rodriguez, n\u00famero de identificaci\u00f3n: 503980626 representante de la marca y nombre comercial \u00abAgencia Creamos\u00bb (en adelante, \u00abCreamos\u00bb), y sus usuarios (en adelante, el \u00abUsuario\u00bb o los \u00abUsuarios\u00bb) que contraten los servicios ofrecidos por Agencia Creamos.<\/p>\n\n\n\n<p>Por favor lea con cuidado, porque para contratar NUESTROS SERVICIOS usted debe aceptar nuestra POL\u00cdTICA DE PRIVACIDAD. Si usted no acepta esta POL\u00cdTICA DE PRIVACIDAD no podr\u00e1 contratar ninguno de nuestros servicios.<\/p>\n\n\n\n<p>Contratar una vez advertido lo anterior, da por hecho que usted tiene capacidad f\u00edsica y legal, y que ley\u00f3 y entendi\u00f3 esta POL\u00cdTICA DE PRIVACIDAD , acept\u00e1ndose en su totalidad.<\/p>\n\n\n\n<p>Esta POL\u00cdTICA DE PRIVACIDAD puede ser modificada en cualquier momento por voluntad de Creamos, en funci\u00f3n de muchos motivos, pero, en especial, las actualizaciones del sitio, por lo que cada vez que un usuario ingresa, debe identificar si hay actualizaciones nuevas. La \u00faltima actualizaci\u00f3n es la que se\u00f1ala en el primer p\u00e1rrafo de esta POL\u00cdTICA DE PRIVACIDAD.<\/p>\n\n\n\n<p>En ese entendido es claro que CREAMOS, podr\u00e1 modificar y\/o revisar en cualquier momento y sin aviso previo esta POL\u00cdTICA DE PRIVACIDAD o cualquier otra Pol\u00edtica o reglamento o los mismos T\u00c9RMINOS Y CONDICIONES PARA EL USO DE SUS SERVICIOS, que se publique en las diferentes plataformas, y el usuario acepta estar sujeto a tales modificaciones o revisiones a partir de su publicaci\u00f3n o actualizaci\u00f3n, de lo contrario no podr\u00e1 acceder.<\/p>\n\n\n\n<p>La aceptaci\u00f3n de esta POL\u00cdTICA DE PRIVACIDAD lleva consigo la aceptaci\u00f3n de los T\u00e9rminos y Condiciones Generales de Uso y Contrataci\u00f3n, y viceversa. Es obligaci\u00f3n del usuario ingresar a dichos <a href=\"https:\/\/www.agenciacreamos.com\/en\/terminos-y-condiciones\/\">T\u00c9RMINOS Y CONDICIONES<\/a> a fin de leerlos, entenderlos y aceptarlos.<\/p>\n\n\n\n<p>\u00bfQU\u00c9 Y C\u00d3MO RECOLECTAMOS DATOS?<\/p>\n\n\n\n<p>Hay datos p\u00fablicos que son aquellos que recoge la internet, y que no son personales, sino de uso. general, es decir, no identifican al usuario, pero generan estad\u00edsticas, tendencias, etc. Esos datos no se protegen con esta Pol\u00edtica.<\/p>\n\n\n\n<p>En todos estos, casi siempre, se recopilan datos personales sensibles, como el nombre, edad, fecha de nacimiento, lugar desde donde se realizan las transacciones, h\u00e1bitos de compra, historial de compras, etc.&nbsp;<\/p>\n\n\n\n<p>Los datos personales sensibles s\u00ed est\u00e1n protegidos por esta Pol\u00edtica, que son los que generan la venta, y recogen el n\u00famero de tarjeta de cr\u00e9dito o d\u00e9bito, los productos o servicios adquiridos, (3) los que se brindan voluntariamente a trav\u00e9s de llenar casillas o sistemas parecidos.<\/p>\n\n\n\n<p>\u00bfPOR QU\u00c9 Y PARA QU\u00c9 RECOPILAMOS DATOS PERSONALES?<\/p>\n\n\n\n<p>Por la aceptaci\u00f3n de esta pol\u00edtica, los usuarios nos autorizan a emplear sus datos personales y sensibles para muchos prop\u00f3sitos. Entre ellos: (1) para mejorar nuestro servicio, entre m\u00e1s conozcamos a nuestros clientes, seremos mejores, por ejemplo. optimizamos la entrega de productos. (2) Para enviar ofertas seg\u00fan sus gustos. (3) Para enviar promociones. (4) Para el env\u00edo de informaci\u00f3n seg\u00fan sus gustos. (5) Realizar encuestas de satisfacci\u00f3n y mejora del servicio. (5) Procesar los pagos.<\/p>\n\n\n\n<p>\u00bfES LEGAL LA RECOPILACI\u00d3N DE DATOS?<\/p>\n\n\n\n<p>S\u00ed. Sin embargo, los usuarios deben estar conscientes que, al aceptar esta pol\u00edtica, lo hacen en conocimiento de lo que se llama CONSENTIMIENTO INFORMADO, de conformidad con lo dispuesto en la Ley de protecci\u00f3n de la persona frente al tratamiento de sus datos personales (Ley No. 8968) y su Reglamento (Decreto Ejecutivo No. 37554-JP). Esto quiere decir que los usuarios est\u00e1n de acuerdo en que usemos sus datos en los t\u00e9rminos de esta pol\u00edtica.<\/p>\n\n\n\n<p>\u00bfPUEDO EXIGIR QUE ME EXCLUYAN DE LA BASE DE DATOS Y QUE NO SE UTILICEN M\u00c1S MIS DATOS?<\/p>\n\n\n\n<p>S\u00ed, para ello debe escribir al correo agenciacreamoscr@gmail.com \/ info@agenciacreamos.com con el asunto (darse de baja) y solicitar la eliminaci\u00f3n de sus datos d\u00e1ndose de baja.<\/p>\n\n\n\n<p>ACERCA DE LOS COOKIES (O GALLETAS, EN ESPA\u00d1OL)<\/p>\n\n\n\n<p>Una cookie es un archivo con el que se solicita autorizaci\u00f3n para estacionarse o bajarse en su computadora, Cuando se acepta la cookie, se autoriza el tr\u00e1fico web y se reconoce al usuario en una futura visita y ser de utilidad en la visita al sitio.<\/p>\n\n\n\n<p>Nuestro sitios y sistemas en general emplean y utilizan cookies para recopilar sus movimientos dentro de la p\u00e1gina, la frecuencia, y la cantidad de visitas.<\/p>\n\n\n\n<p>Usted puede eliminar las cookies de su computadora si no quiere que las p\u00e1ginas reconozcan a su persona, pero pierde la ayuda que la misma p\u00e1gina o el sistema le puede brindar y es posible que se pierda oportunidades que el sitio y\/o sistema le ofrece.<\/p>\n\n\n\n<p>SEGURIDAD Y VULNERABILIDAD<\/p>\n\n\n\n<p>Al aceptar el ingreso y el almacenamiento de estos datos, se considera un acto consentido voluntariamente, y por ello aplica el art\u00edculo 5 \u201cPrincipio de consentimiento informado\u201d de la Ley Protecci\u00f3n de la Persona frente al tratamiento de sus datos personales N\u00ba 8968 y su reglamento.<\/p>\n\n\n\n<p>La informaci\u00f3n personal provista se procesar\u00e1 y almacenar\u00e1 en servidores y medios correspondientes que mantienen altos est\u00e1ndares de seguridad y protecci\u00f3n tanto f\u00edsica como tecnol\u00f3gica de alta calidad, sin embargo, no se puede garantizar que la informaci\u00f3n almacenada no pueda ser vulnerada por terceras personas malintencionadas. En vista de ello, los usuarios exoneran de responsabilidad a Creamos por cualquier uso indebido que terceros puedan hacer de la informaci\u00f3n recabada. Igual situaci\u00f3n suceder\u00e1 por fallas no imputables al patrocinador en los sistemas, servidores y plataformas.<\/p>\n\n\n\n<p>El anterior punto comprende la intrusi\u00f3n ilegal de hackers, ya sea en los servidores, p\u00e1gina web o cualquier base de datos o canal de comunicaci\u00f3n de Creamos, as\u00ed como empresas relacionadas.<\/p>\n\n\n\n<p>Hasta la fecha, ning\u00fan sistema ha garantizado seguridad completa, por eso nos esforzamos por mantener la seguridad de la informaci\u00f3n con altos niveles de protecci\u00f3n, pero no estamos inmunes a ataques. Por lo tanto, los usuarios no podr\u00e1n imputar responsabilidad alguna a Creamos ni exigir pago por lucro cesante, da\u00f1o emergente, indirecto o consecuencial en virtud de perjuicios resultantes de las situaciones se\u00f1aladas en este apartado.<\/p>\n\n\n\n<p>LEY APLICABLE<\/p>\n\n\n\n<p>Este sitio se rige por las leyes de Costa Rica y por los tratados internacionales aplicables. Toda violaci\u00f3n actos que amenacen nuestros sitios,&nbsp; sistemas y derechos de propiedad intelectual, u otros bienes, nos autorizan a acudir a las v\u00edas judiciales y administrativas del caso.<\/p>\n\n\n\n<p><\/p>","protected":false},"excerpt":{"rendered":"<p>POL\u00cdTICA DE PRIVACIDAD El presente documento establece LAS POLITICAS DE PRIVACIDAD Generales de Uso y Contrataci\u00f3n (en adelante, \u00abPOLITICA DE PRIVACIDAD\u00bb) que regir\u00e1n la relaci\u00f3n entre Rodolfo Andrey Cruz Rodriguez, n\u00famero de identificaci\u00f3n: 503980626 representante de la marca y nombre comercial \u00abAgencia Creamos\u00bb (en adelante, \u00abCreamos\u00bb), y sus usuarios (en adelante, el \u00abUsuario\u00bb o los [&hellip;]<\/p>","protected":false},"author":1,"featured_media":0,"parent":0,"menu_order":0,"comment_status":"closed","ping_status":"closed","template":"","meta":{"_acf_changed":false,"_monsterinsights_skip_tracking":false,"_monsterinsights_sitenote_active":false,"_monsterinsights_sitenote_note":"","_monsterinsights_sitenote_category":0,"footnotes":""},"class_list":["post-3","page","type-page","status-publish","hentry"],"acf":[],"yoast_head":"<!-- This site is optimized with the Yoast SEO plugin v22.9 - https:\/\/yoast.com\/wordpress\/plugins\/seo\/ -->\n<title>Pol\u00edticas - Agencia Creamos<\/title>\n<meta name=\"robots\" content=\"index, follow, max-snippet:-1, max-image-preview:large, max-video-preview:-1\" \/>\n<link rel=\"canonical\" href=\"\/en\/politicas\/\" \/>\n<meta property=\"og:locale\" content=\"en_US\" \/>\n<meta property=\"og:type\" content=\"article\" \/>\n<meta property=\"og:title\" content=\"Pol\u00edticas - Agencia Creamos\" \/>\n<meta property=\"og:description\" content=\"POL\u00cdTICA DE PRIVACIDAD El presente documento establece LAS POLITICAS DE PRIVACIDAD Generales de Uso y Contrataci\u00f3n (en adelante, \u00abPOLITICA DE PRIVACIDAD\u00bb) que regir\u00e1n la relaci\u00f3n entre Rodolfo Andrey Cruz Rodriguez, n\u00famero de identificaci\u00f3n: 503980626 representante de la marca y nombre comercial \u00abAgencia Creamos\u00bb (en adelante, \u00abCreamos\u00bb), y sus usuarios (en adelante, el \u00abUsuario\u00bb o los [&hellip;]\" \/>\n<meta property=\"og:url\" content=\"\/en\/politicas\/\" \/>\n<meta property=\"og:site_name\" content=\"Agencia Creamos\" \/>\n<meta property=\"article:publisher\" content=\"https:\/\/www.facebook.com\/agenciacreamoscr\" \/>\n<meta property=\"article:modified_time\" content=\"2025-10-24T04:42:12+00:00\" \/>\n<meta name=\"twitter:card\" content=\"summary_large_image\" \/>\n<meta name=\"twitter:label1\" content=\"Est. reading time\" \/>\n\t<meta name=\"twitter:data1\" content=\"6 minutes\" \/>\n<script type=\"application\/ld+json\" class=\"yoast-schema-graph\">{\"@context\":\"https:\/\/schema.org\",\"@graph\":[{\"@type\":\"WebPage\",\"@id\":\"https:\/\/www.agenciacreamos.com\/politicas\/\",\"url\":\"\/politicas\/\",\"name\":\"Pol\u00edticas - Agencia Creamos\",\"isPartOf\":{\"@id\":\"https:\/\/www.agenciacreamos.com\/#website\"},\"datePublished\":\"2023-09-15T05:22:10+00:00\",\"dateModified\":\"2025-10-24T04:42:12+00:00\",\"breadcrumb\":{\"@id\":\"\/politicas\/#breadcrumb\"},\"inLanguage\":\"en-US\",\"potentialAction\":[{\"@type\":\"ReadAction\",\"target\":[\"\/politicas\/\"]}]},{\"@type\":\"BreadcrumbList\",\"@id\":\"\/politicas\/#breadcrumb\",\"itemListElement\":[{\"@type\":\"ListItem\",\"position\":1,\"name\":\"Home\",\"item\":\"https:\/\/www.agenciacreamos.com\/\"},{\"@type\":\"ListItem\",\"position\":2,\"name\":\"Pol\u00edticas\"}]},{\"@type\":\"WebSite\",\"@id\":\"https:\/\/www.agenciacreamos.com\/#website\",\"url\":\"https:\/\/www.agenciacreamos.com\/\",\"name\":\"Agencia Creamos\",\"description\":\"Agencia de Servicios Digitales\",\"publisher\":{\"@id\":\"https:\/\/www.agenciacreamos.com\/#organization\"},\"potentialAction\":[{\"@type\":\"SearchAction\",\"target\":{\"@type\":\"EntryPoint\",\"urlTemplate\":\"https:\/\/www.agenciacreamos.com\/?s={search_term_string}\"},\"query-input\":\"required name=search_term_string\"}],\"inLanguage\":\"en-US\"},{\"@type\":\"Organization\",\"@id\":\"https:\/\/www.agenciacreamos.com\/#organization\",\"name\":\"Agencia Creamos\",\"url\":\"https:\/\/www.agenciacreamos.com\/\",\"logo\":{\"@type\":\"ImageObject\",\"inLanguage\":\"en-US\",\"@id\":\"https:\/\/www.agenciacreamos.com\/#\/schema\/logo\/image\/\",\"url\":\"https:\/\/agenciacreamos.com\/wp-content\/uploads\/2024\/05\/creamos-logo-transparent.png\",\"contentUrl\":\"https:\/\/agenciacreamos.com\/wp-content\/uploads\/2024\/05\/creamos-logo-transparent.png\",\"width\":766,\"height\":158,\"caption\":\"Agencia Creamos\"},\"image\":{\"@id\":\"https:\/\/www.agenciacreamos.com\/#\/schema\/logo\/image\/\"},\"sameAs\":[\"https:\/\/www.facebook.com\/agenciacreamoscr\",\"https:\/\/www.instagram.com\/agenciacreamoscr?fbclid=IwAR3kBAnTr8MxBM92WF73g_erRSbFgkCbhhyfXbB5FpF8g0i2E0ghmVv5Pn8\"]}]}<\/script>\n<!-- \/ Yoast SEO plugin. -->","yoast_head_json":{"title":"Pol\u00edticas - Agencia Creamos","robots":{"index":"index","follow":"follow","max-snippet":"max-snippet:-1","max-image-preview":"max-image-preview:large","max-video-preview":"max-video-preview:-1"},"canonical":"\/en\/politicas\/","og_locale":"en_US","og_type":"article","og_title":"Pol\u00edticas - Agencia Creamos","og_description":"POL\u00cdTICA DE PRIVACIDAD El presente documento establece LAS POLITICAS DE PRIVACIDAD Generales de Uso y Contrataci\u00f3n (en adelante, \u00abPOLITICA DE PRIVACIDAD\u00bb) que regir\u00e1n la relaci\u00f3n entre Rodolfo Andrey Cruz Rodriguez, n\u00famero de identificaci\u00f3n: 503980626 representante de la marca y nombre comercial \u00abAgencia Creamos\u00bb (en adelante, \u00abCreamos\u00bb), y sus usuarios (en adelante, el \u00abUsuario\u00bb o los [&hellip;]","og_url":"\/en\/politicas\/","og_site_name":"Agencia Creamos","article_publisher":"https:\/\/www.facebook.com\/agenciacreamoscr","article_modified_time":"2025-10-24T04:42:12+00:00","twitter_card":"summary_large_image","twitter_misc":{"Est. reading time":"6 minutes"},"schema":{"@context":"https:\/\/schema.org","@graph":[{"@type":"WebPage","@id":"https:\/\/www.agenciacreamos.com\/politicas\/","url":"\/politicas\/","name":"Pol\u00edticas - Agencia Creamos","isPartOf":{"@id":"https:\/\/www.agenciacreamos.com\/#website"},"datePublished":"2023-09-15T05:22:10+00:00","dateModified":"2025-10-24T04:42:12+00:00","breadcrumb":{"@id":"\/politicas\/#breadcrumb"},"inLanguage":"en-US","potentialAction":[{"@type":"ReadAction","target":["\/politicas\/"]}]},{"@type":"BreadcrumbList","@id":"\/politicas\/#breadcrumb","itemListElement":[{"@type":"ListItem","position":1,"name":"Home","item":"https:\/\/www.agenciacreamos.com\/"},{"@type":"ListItem","position":2,"name":"Pol\u00edticas"}]},{"@type":"WebSite","@id":"https:\/\/www.agenciacreamos.com\/#website","url":"https:\/\/www.agenciacreamos.com\/","name":"Agencia Creamos","description":"Agencia de Servicios Digitales","publisher":{"@id":"https:\/\/www.agenciacreamos.com\/#organization"},"potentialAction":[{"@type":"SearchAction","target":{"@type":"EntryPoint","urlTemplate":"https:\/\/www.agenciacreamos.com\/?s={search_term_string}"},"query-input":"required name=search_term_string"}],"inLanguage":"en-US"},{"@type":"Organization","@id":"https:\/\/www.agenciacreamos.com\/#organization","name":"Agencia Creamos","url":"https:\/\/www.agenciacreamos.com\/","logo":{"@type":"ImageObject","inLanguage":"en-US","@id":"https:\/\/www.agenciacreamos.com\/#\/schema\/logo\/image\/","url":"https:\/\/agenciacreamos.com\/wp-content\/uploads\/2024\/05\/creamos-logo-transparent.png","contentUrl":"https:\/\/agenciacreamos.com\/wp-content\/uploads\/2024\/05\/creamos-logo-transparent.png","width":766,"height":158,"caption":"Agencia Creamos"},"image":{"@id":"https:\/\/www.agenciacreamos.com\/#\/schema\/logo\/image\/"},"sameAs":["https:\/\/www.facebook.com\/agenciacreamoscr","https:\/\/www.instagram.com\/agenciacreamoscr?fbclid=IwAR3kBAnTr8MxBM92WF73g_erRSbFgkCbhhyfXbB5FpF8g0i2E0ghmVv5Pn8"]}]}},"_links":{"self":[{"href":"https:\/\/www.agenciacreamos.com\/en\/wp-json\/wp\/v2\/pages\/3","targetHints":{"allow":["GET"]}}],"collection":[{"href":"https:\/\/www.agenciacreamos.com\/en\/wp-json\/wp\/v2\/pages"}],"about":[{"href":"https:\/\/www.agenciacreamos.com\/en\/wp-json\/wp\/v2\/types\/page"}],"author":[{"embeddable":true,"href":"https:\/\/www.agenciacreamos.com\/en\/wp-json\/wp\/v2\/users\/1"}],"replies":[{"embeddable":true,"href":"https:\/\/www.agenciacreamos.com\/en\/wp-json\/wp\/v2\/comments?post=3"}],"version-history":[{"count":9,"href":"https:\/\/www.agenciacreamos.com\/en\/wp-json\/wp\/v2\/pages\/3\/revisions"}],"predecessor-version":[{"id":1718,"href":"https:\/\/www.agenciacreamos.com\/en\/wp-json\/wp\/v2\/pages\/3\/revisions\/1718"}],"wp:attachment":[{"href":"https:\/\/www.agenciacreamos.com\/en\/wp-json\/wp\/v2\/media?parent=3"}],"curies":[{"name":"wp","href":"https:\/\/api.w.org\/{rel}","templated":true}]}}