{"id":1581,"date":"2025-06-13T16:39:44","date_gmt":"2025-06-13T22:39:44","guid":{"rendered":"https:\/\/www.agenciacreamos.com\/?page_id=1581"},"modified":"2025-06-15T12:39:05","modified_gmt":"2025-06-15T18:39:05","slug":"guia-para-llenar-formulario-de-nuevo-hosting","status":"publish","type":"page","link":"https:\/\/www.agenciacreamos.com\/en\/guia-para-llenar-formulario-de-nuevo-hosting\/","title":{"rendered":"Gu\u00eda para llenar formulario de nuevo hosting"},"content":{"rendered":"<div data-elementor-type=\"wp-page\" data-elementor-id=\"1581\" class=\"elementor elementor-1581\" data-elementor-post-type=\"page\">\n\t\t\t\t<div class=\"elementor-element elementor-element-287e836f e-flex e-con-boxed e-con e-parent\" data-id=\"287e836f\" data-element_type=\"container\">\n\t\t\t\t\t<div class=\"e-con-inner\">\n\t\t\t\t<div class=\"elementor-element elementor-element-20b2c4b elementor-widget elementor-widget-heading\" data-id=\"20b2c4b\" data-element_type=\"widget\" data-widget_type=\"heading.default\">\n\t\t\t\t<div class=\"elementor-widget-container\">\n\t\t\t\t\t<h2 class=\"elementor-heading-title elementor-size-default\"><b>Gu\u00eda para llenar formulario de hosting.<\/b><\/h2>\t\t\t\t<\/div>\n\t\t\t\t<\/div>\n\t\t\t\t<div class=\"elementor-element elementor-element-1fc37979 elementor-widget elementor-widget-text-editor\" data-id=\"1fc37979\" data-element_type=\"widget\" data-widget_type=\"text-editor.default\">\n\t\t\t\t<div class=\"elementor-widget-container\">\n\t\t\t\t\t\t\t\t\t<p><\/p>\n<p>Para llenar el formulario del nuevo hosting, solo es necesario completar los campos con la informaci\u00f3n solicitada como se muestra a continuaci\u00f3n:<\/p>\n<p><\/p>\n<p>Primero se le pedir\u00e1 crear un nuevo nombre de usuario, el cual puede contener n\u00fameros y letras, adem\u00e1s, estar\u00e1 sujeto a disponibilidad dado que existen muchos usuarios en el sistema<\/p>\n<p><\/p>\n<figure class=\"wp-block-image size-large\"><img fetchpriority=\"high\" decoding=\"async\" width=\"1024\" height=\"665\" class=\"wp-image-1583\" src=\"https:\/\/www.agenciacreamos.com\/wp-content\/uploads\/2025\/06\/Screenshot-2025-06-13-at-16.27.51-1024x665.png\" alt=\"\" srcset=\"https:\/\/www.agenciacreamos.com\/wp-content\/uploads\/2025\/06\/Screenshot-2025-06-13-at-16.27.51-1024x665.png 1024w, https:\/\/www.agenciacreamos.com\/wp-content\/uploads\/2025\/06\/Screenshot-2025-06-13-at-16.27.51-300x195.png 300w, https:\/\/www.agenciacreamos.com\/wp-content\/uploads\/2025\/06\/Screenshot-2025-06-13-at-16.27.51-768x499.png 768w, https:\/\/www.agenciacreamos.com\/wp-content\/uploads\/2025\/06\/Screenshot-2025-06-13-at-16.27.51-1536x998.png 1536w, https:\/\/www.agenciacreamos.com\/wp-content\/uploads\/2025\/06\/Screenshot-2025-06-13-at-16.27.51-2048x1330.png 2048w, https:\/\/www.agenciacreamos.com\/wp-content\/uploads\/2025\/06\/Screenshot-2025-06-13-at-16.27.51-18x12.png 18w, https:\/\/www.agenciacreamos.com\/wp-content\/uploads\/2025\/06\/Screenshot-2025-06-13-at-16.27.51-1320x858.png 1320w\" sizes=\"(max-width: 1024px) 100vw, 1024px\" \/><\/figure>\n<p><\/p>\n<p>Posterior a esto, dir\u00edjase m\u00e1s abajo al formulario de informaci\u00f3n personal y ll\u00e9nelo como se muestra a continuaci\u00f3n pero con su informaci\u00f3n real:<\/p>\n<p><\/p>\n<figure class=\"wp-block-image size-large\"><img decoding=\"async\" width=\"1024\" height=\"401\" class=\"wp-image-1584\" src=\"https:\/\/www.agenciacreamos.com\/wp-content\/uploads\/2025\/06\/Screenshot-2025-06-13-at-16.30.40-1024x401.png\" alt=\"\" srcset=\"https:\/\/www.agenciacreamos.com\/wp-content\/uploads\/2025\/06\/Screenshot-2025-06-13-at-16.30.40-1024x401.png 1024w, https:\/\/www.agenciacreamos.com\/wp-content\/uploads\/2025\/06\/Screenshot-2025-06-13-at-16.30.40-300x117.png 300w, https:\/\/www.agenciacreamos.com\/wp-content\/uploads\/2025\/06\/Screenshot-2025-06-13-at-16.30.40-768x301.png 768w, https:\/\/www.agenciacreamos.com\/wp-content\/uploads\/2025\/06\/Screenshot-2025-06-13-at-16.30.40-1536x601.png 1536w, https:\/\/www.agenciacreamos.com\/wp-content\/uploads\/2025\/06\/Screenshot-2025-06-13-at-16.30.40-2048x802.png 2048w, https:\/\/www.agenciacreamos.com\/wp-content\/uploads\/2025\/06\/Screenshot-2025-06-13-at-16.30.40-18x7.png 18w, https:\/\/www.agenciacreamos.com\/wp-content\/uploads\/2025\/06\/Screenshot-2025-06-13-at-16.30.40-1320x517.png 1320w\" sizes=\"(max-width: 1024px) 100vw, 1024px\" \/><\/figure>\n<p><\/p>\n<p>Al finalizar acepte los t\u00e9rminos y condiciones y proceda con la creaci\u00f3n de la cuenta.<\/p>\n<p><\/p>\n<p>El sistema lo llevar\u00e1 a crear una contrase\u00f1a como se muestra en la siguiente imagen<\/p>\n<p><\/p>\n<figure class=\"wp-block-image size-large\"><img decoding=\"async\" width=\"1024\" height=\"787\" class=\"wp-image-1585\" src=\"https:\/\/www.agenciacreamos.com\/wp-content\/uploads\/2025\/06\/Screenshot-2025-06-13-at-16.31.39-1-1024x787.png\" alt=\"\" srcset=\"https:\/\/www.agenciacreamos.com\/wp-content\/uploads\/2025\/06\/Screenshot-2025-06-13-at-16.31.39-1-1024x787.png 1024w, https:\/\/www.agenciacreamos.com\/wp-content\/uploads\/2025\/06\/Screenshot-2025-06-13-at-16.31.39-1-300x231.png 300w, https:\/\/www.agenciacreamos.com\/wp-content\/uploads\/2025\/06\/Screenshot-2025-06-13-at-16.31.39-1-768x590.png 768w, https:\/\/www.agenciacreamos.com\/wp-content\/uploads\/2025\/06\/Screenshot-2025-06-13-at-16.31.39-1-16x12.png 16w, https:\/\/www.agenciacreamos.com\/wp-content\/uploads\/2025\/06\/Screenshot-2025-06-13-at-16.31.39-1.png 1306w\" sizes=\"(max-width: 1024px) 100vw, 1024px\" \/><\/figure>\n<p><\/p>\n<p>Luego el sistema le dar\u00e1 la bienvenida con dos opciones, continuar una prueba gratis de 30 dias, en donde no necesita ingresar ninguna tarjeta o pago. O la opci\u00f3n de adquirir el hosting de una vez y realizar el pago para disfrutar de todas las caracter\u00edsticas completas del plan elegido.<\/p>\n<p><img loading=\"lazy\" decoding=\"async\" class=\"aligncenter wp-image-1592 size-full\" src=\"https:\/\/www.agenciacreamos.com\/wp-content\/uploads\/2025\/06\/Screenshot-2025-06-13-at-16.32.02.png\" alt=\"\" width=\"1586\" height=\"1290\" srcset=\"https:\/\/www.agenciacreamos.com\/wp-content\/uploads\/2025\/06\/Screenshot-2025-06-13-at-16.32.02.png 1586w, https:\/\/www.agenciacreamos.com\/wp-content\/uploads\/2025\/06\/Screenshot-2025-06-13-at-16.32.02-300x244.png 300w, https:\/\/www.agenciacreamos.com\/wp-content\/uploads\/2025\/06\/Screenshot-2025-06-13-at-16.32.02-1024x833.png 1024w, https:\/\/www.agenciacreamos.com\/wp-content\/uploads\/2025\/06\/Screenshot-2025-06-13-at-16.32.02-768x625.png 768w, https:\/\/www.agenciacreamos.com\/wp-content\/uploads\/2025\/06\/Screenshot-2025-06-13-at-16.32.02-1536x1249.png 1536w, https:\/\/www.agenciacreamos.com\/wp-content\/uploads\/2025\/06\/Screenshot-2025-06-13-at-16.32.02-15x12.png 15w, https:\/\/www.agenciacreamos.com\/wp-content\/uploads\/2025\/06\/Screenshot-2025-06-13-at-16.32.02-1320x1074.png 1320w\" sizes=\"(max-width: 1586px) 100vw, 1586px\" \/><\/p>\n<p><\/p>\t\t\t\t\t\t\t\t<\/div>\n\t\t\t\t<\/div>\n\t\t\t\t\t<\/div>\n\t\t\t\t<\/div>\n\t\t\t\t<\/div>","protected":false},"excerpt":{"rendered":"<p>Gu\u00eda para llenar formulario de hosting. Para llenar el formulario del nuevo hosting, solo es necesario completar los campos con la informaci\u00f3n solicitada como se muestra a continuaci\u00f3n: Primero se le pedir\u00e1 crear un nuevo nombre de usuario, el cual puede contener n\u00fameros y letras, adem\u00e1s, estar\u00e1 sujeto a disponibilidad dado que existen muchos usuarios [&hellip;]<\/p>","protected":false},"author":1,"featured_media":0,"parent":0,"menu_order":0,"comment_status":"closed","ping_status":"closed","template":"","meta":{"_acf_changed":false,"_monsterinsights_skip_tracking":false,"_monsterinsights_sitenote_active":false,"_monsterinsights_sitenote_note":"","_monsterinsights_sitenote_category":0,"footnotes":""},"class_list":["post-1581","page","type-page","status-publish","hentry"],"acf":[],"yoast_head":"<!-- This site is optimized with the Yoast SEO plugin v22.9 - https:\/\/yoast.com\/wordpress\/plugins\/seo\/ -->\n<title>Gu\u00eda para llenar formulario de nuevo hosting - Agencia Creamos<\/title>\n<meta name=\"robots\" content=\"index, follow, max-snippet:-1, max-image-preview:large, max-video-preview:-1\" \/>\n<link rel=\"canonical\" href=\"https:\/\/www.agenciacreamos.com\/en\/guia-para-llenar-formulario-de-nuevo-hosting\/\" \/>\n<meta property=\"og:locale\" content=\"en_US\" \/>\n<meta property=\"og:type\" content=\"article\" \/>\n<meta property=\"og:title\" content=\"Gu\u00eda para llenar formulario de nuevo hosting - Agencia Creamos\" \/>\n<meta property=\"og:description\" content=\"Gu\u00eda para llenar formulario de hosting. Para llenar el formulario del nuevo hosting, solo es necesario completar los campos con la informaci\u00f3n solicitada como se muestra a continuaci\u00f3n: Primero se le pedir\u00e1 crear un nuevo nombre de usuario, el cual puede contener n\u00fameros y letras, adem\u00e1s, estar\u00e1 sujeto a disponibilidad dado que existen muchos usuarios [&hellip;]\" \/>\n<meta property=\"og:url\" content=\"https:\/\/www.agenciacreamos.com\/en\/guia-para-llenar-formulario-de-nuevo-hosting\/\" \/>\n<meta property=\"og:site_name\" content=\"Agencia Creamos\" \/>\n<meta property=\"article:publisher\" content=\"https:\/\/www.facebook.com\/agenciacreamoscr\" \/>\n<meta property=\"article:modified_time\" content=\"2025-06-15T18:39:05+00:00\" \/>\n<meta property=\"og:image\" content=\"https:\/\/www.agenciacreamos.com\/wp-content\/uploads\/2025\/06\/Screenshot-2025-06-13-at-16.27.51-1024x665.png\" \/>\n<meta name=\"twitter:card\" content=\"summary_large_image\" \/>\n<meta name=\"twitter:label1\" content=\"Est. reading time\" \/>\n\t<meta name=\"twitter:data1\" content=\"1 minute\" \/>\n<script type=\"application\/ld+json\" class=\"yoast-schema-graph\">{\"@context\":\"https:\/\/schema.org\",\"@graph\":[{\"@type\":\"WebPage\",\"@id\":\"https:\/\/www.agenciacreamos.com\/guia-para-llenar-formulario-de-nuevo-hosting\/\",\"url\":\"https:\/\/www.agenciacreamos.com\/guia-para-llenar-formulario-de-nuevo-hosting\/\",\"name\":\"Gu\u00eda para llenar formulario de nuevo hosting - Agencia Creamos\",\"isPartOf\":{\"@id\":\"https:\/\/www.agenciacreamos.com\/#website\"},\"primaryImageOfPage\":{\"@id\":\"https:\/\/www.agenciacreamos.com\/guia-para-llenar-formulario-de-nuevo-hosting\/#primaryimage\"},\"image\":{\"@id\":\"https:\/\/www.agenciacreamos.com\/guia-para-llenar-formulario-de-nuevo-hosting\/#primaryimage\"},\"thumbnailUrl\":\"https:\/\/www.agenciacreamos.com\/wp-content\/uploads\/2025\/06\/Screenshot-2025-06-13-at-16.27.51-1024x665.png\",\"datePublished\":\"2025-06-13T22:39:44+00:00\",\"dateModified\":\"2025-06-15T18:39:05+00:00\",\"breadcrumb\":{\"@id\":\"https:\/\/www.agenciacreamos.com\/guia-para-llenar-formulario-de-nuevo-hosting\/#breadcrumb\"},\"inLanguage\":\"en-US\",\"potentialAction\":[{\"@type\":\"ReadAction\",\"target\":[\"https:\/\/www.agenciacreamos.com\/guia-para-llenar-formulario-de-nuevo-hosting\/\"]}]},{\"@type\":\"ImageObject\",\"inLanguage\":\"en-US\",\"@id\":\"https:\/\/www.agenciacreamos.com\/guia-para-llenar-formulario-de-nuevo-hosting\/#primaryimage\",\"url\":\"https:\/\/www.agenciacreamos.com\/wp-content\/uploads\/2025\/06\/Screenshot-2025-06-13-at-16.27.51-1024x665.png\",\"contentUrl\":\"https:\/\/www.agenciacreamos.com\/wp-content\/uploads\/2025\/06\/Screenshot-2025-06-13-at-16.27.51-1024x665.png\"},{\"@type\":\"BreadcrumbList\",\"@id\":\"https:\/\/www.agenciacreamos.com\/guia-para-llenar-formulario-de-nuevo-hosting\/#breadcrumb\",\"itemListElement\":[{\"@type\":\"ListItem\",\"position\":1,\"name\":\"Home\",\"item\":\"https:\/\/www.agenciacreamos.com\/\"},{\"@type\":\"ListItem\",\"position\":2,\"name\":\"Gu\u00eda para llenar formulario de nuevo hosting\"}]},{\"@type\":\"WebSite\",\"@id\":\"https:\/\/www.agenciacreamos.com\/#website\",\"url\":\"https:\/\/www.agenciacreamos.com\/\",\"name\":\"Agencia Creamos\",\"description\":\"Agencia de Servicios Digitales\",\"publisher\":{\"@id\":\"https:\/\/www.agenciacreamos.com\/#organization\"},\"potentialAction\":[{\"@type\":\"SearchAction\",\"target\":{\"@type\":\"EntryPoint\",\"urlTemplate\":\"https:\/\/www.agenciacreamos.com\/?s={search_term_string}\"},\"query-input\":\"required name=search_term_string\"}],\"inLanguage\":\"en-US\"},{\"@type\":\"Organization\",\"@id\":\"https:\/\/www.agenciacreamos.com\/#organization\",\"name\":\"Agencia Creamos\",\"url\":\"https:\/\/www.agenciacreamos.com\/\",\"logo\":{\"@type\":\"ImageObject\",\"inLanguage\":\"en-US\",\"@id\":\"https:\/\/www.agenciacreamos.com\/#\/schema\/logo\/image\/\",\"url\":\"https:\/\/agenciacreamos.com\/wp-content\/uploads\/2024\/05\/creamos-logo-transparent.png\",\"contentUrl\":\"https:\/\/agenciacreamos.com\/wp-content\/uploads\/2024\/05\/creamos-logo-transparent.png\",\"width\":766,\"height\":158,\"caption\":\"Agencia Creamos\"},\"image\":{\"@id\":\"https:\/\/www.agenciacreamos.com\/#\/schema\/logo\/image\/\"},\"sameAs\":[\"https:\/\/www.facebook.com\/agenciacreamoscr\",\"https:\/\/www.instagram.com\/agenciacreamoscr?fbclid=IwAR3kBAnTr8MxBM92WF73g_erRSbFgkCbhhyfXbB5FpF8g0i2E0ghmVv5Pn8\"]}]}<\/script>\n<!-- \/ Yoast SEO plugin. -->","yoast_head_json":{"title":"Gu\u00eda para llenar formulario de nuevo hosting - Agencia Creamos","robots":{"index":"index","follow":"follow","max-snippet":"max-snippet:-1","max-image-preview":"max-image-preview:large","max-video-preview":"max-video-preview:-1"},"canonical":"https:\/\/www.agenciacreamos.com\/en\/guia-para-llenar-formulario-de-nuevo-hosting\/","og_locale":"en_US","og_type":"article","og_title":"Gu\u00eda para llenar formulario de nuevo hosting - Agencia Creamos","og_description":"Gu\u00eda para llenar formulario de hosting. Para llenar el formulario del nuevo hosting, solo es necesario completar los campos con la informaci\u00f3n solicitada como se muestra a continuaci\u00f3n: Primero se le pedir\u00e1 crear un nuevo nombre de usuario, el cual puede contener n\u00fameros y letras, adem\u00e1s, estar\u00e1 sujeto a disponibilidad dado que existen muchos usuarios [&hellip;]","og_url":"https:\/\/www.agenciacreamos.com\/en\/guia-para-llenar-formulario-de-nuevo-hosting\/","og_site_name":"Agencia Creamos","article_publisher":"https:\/\/www.facebook.com\/agenciacreamoscr","article_modified_time":"2025-06-15T18:39:05+00:00","og_image":[{"url":"https:\/\/www.agenciacreamos.com\/wp-content\/uploads\/2025\/06\/Screenshot-2025-06-13-at-16.27.51-1024x665.png"}],"twitter_card":"summary_large_image","twitter_misc":{"Est. reading time":"1 minute"},"schema":{"@context":"https:\/\/schema.org","@graph":[{"@type":"WebPage","@id":"https:\/\/www.agenciacreamos.com\/guia-para-llenar-formulario-de-nuevo-hosting\/","url":"https:\/\/www.agenciacreamos.com\/guia-para-llenar-formulario-de-nuevo-hosting\/","name":"Gu\u00eda para llenar formulario de nuevo hosting - Agencia Creamos","isPartOf":{"@id":"https:\/\/www.agenciacreamos.com\/#website"},"primaryImageOfPage":{"@id":"https:\/\/www.agenciacreamos.com\/guia-para-llenar-formulario-de-nuevo-hosting\/#primaryimage"},"image":{"@id":"https:\/\/www.agenciacreamos.com\/guia-para-llenar-formulario-de-nuevo-hosting\/#primaryimage"},"thumbnailUrl":"https:\/\/www.agenciacreamos.com\/wp-content\/uploads\/2025\/06\/Screenshot-2025-06-13-at-16.27.51-1024x665.png","datePublished":"2025-06-13T22:39:44+00:00","dateModified":"2025-06-15T18:39:05+00:00","breadcrumb":{"@id":"https:\/\/www.agenciacreamos.com\/guia-para-llenar-formulario-de-nuevo-hosting\/#breadcrumb"},"inLanguage":"en-US","potentialAction":[{"@type":"ReadAction","target":["https:\/\/www.agenciacreamos.com\/guia-para-llenar-formulario-de-nuevo-hosting\/"]}]},{"@type":"ImageObject","inLanguage":"en-US","@id":"https:\/\/www.agenciacreamos.com\/guia-para-llenar-formulario-de-nuevo-hosting\/#primaryimage","url":"https:\/\/www.agenciacreamos.com\/wp-content\/uploads\/2025\/06\/Screenshot-2025-06-13-at-16.27.51-1024x665.png","contentUrl":"https:\/\/www.agenciacreamos.com\/wp-content\/uploads\/2025\/06\/Screenshot-2025-06-13-at-16.27.51-1024x665.png"},{"@type":"BreadcrumbList","@id":"https:\/\/www.agenciacreamos.com\/guia-para-llenar-formulario-de-nuevo-hosting\/#breadcrumb","itemListElement":[{"@type":"ListItem","position":1,"name":"Home","item":"https:\/\/www.agenciacreamos.com\/"},{"@type":"ListItem","position":2,"name":"Gu\u00eda para llenar formulario de nuevo hosting"}]},{"@type":"WebSite","@id":"https:\/\/www.agenciacreamos.com\/#website","url":"https:\/\/www.agenciacreamos.com\/","name":"Agencia Creamos","description":"Agencia de Servicios Digitales","publisher":{"@id":"https:\/\/www.agenciacreamos.com\/#organization"},"potentialAction":[{"@type":"SearchAction","target":{"@type":"EntryPoint","urlTemplate":"https:\/\/www.agenciacreamos.com\/?s={search_term_string}"},"query-input":"required name=search_term_string"}],"inLanguage":"en-US"},{"@type":"Organization","@id":"https:\/\/www.agenciacreamos.com\/#organization","name":"Agencia Creamos","url":"https:\/\/www.agenciacreamos.com\/","logo":{"@type":"ImageObject","inLanguage":"en-US","@id":"https:\/\/www.agenciacreamos.com\/#\/schema\/logo\/image\/","url":"https:\/\/agenciacreamos.com\/wp-content\/uploads\/2024\/05\/creamos-logo-transparent.png","contentUrl":"https:\/\/agenciacreamos.com\/wp-content\/uploads\/2024\/05\/creamos-logo-transparent.png","width":766,"height":158,"caption":"Agencia Creamos"},"image":{"@id":"https:\/\/www.agenciacreamos.com\/#\/schema\/logo\/image\/"},"sameAs":["https:\/\/www.facebook.com\/agenciacreamoscr","https:\/\/www.instagram.com\/agenciacreamoscr?fbclid=IwAR3kBAnTr8MxBM92WF73g_erRSbFgkCbhhyfXbB5FpF8g0i2E0ghmVv5Pn8"]}]}},"_links":{"self":[{"href":"https:\/\/www.agenciacreamos.com\/en\/wp-json\/wp\/v2\/pages\/1581","targetHints":{"allow":["GET"]}}],"collection":[{"href":"https:\/\/www.agenciacreamos.com\/en\/wp-json\/wp\/v2\/pages"}],"about":[{"href":"https:\/\/www.agenciacreamos.com\/en\/wp-json\/wp\/v2\/types\/page"}],"author":[{"embeddable":true,"href":"https:\/\/www.agenciacreamos.com\/en\/wp-json\/wp\/v2\/users\/1"}],"replies":[{"embeddable":true,"href":"https:\/\/www.agenciacreamos.com\/en\/wp-json\/wp\/v2\/comments?post=1581"}],"version-history":[{"count":14,"href":"https:\/\/www.agenciacreamos.com\/en\/wp-json\/wp\/v2\/pages\/1581\/revisions"}],"predecessor-version":[{"id":1630,"href":"https:\/\/www.agenciacreamos.com\/en\/wp-json\/wp\/v2\/pages\/1581\/revisions\/1630"}],"wp:attachment":[{"href":"https:\/\/www.agenciacreamos.com\/en\/wp-json\/wp\/v2\/media?parent=1581"}],"curies":[{"name":"wp","href":"https:\/\/api.w.org\/{rel}","templated":true}]}}