{"id":105,"date":"2023-09-20T20:59:56","date_gmt":"2023-09-21T02:59:56","guid":{"rendered":"https:\/\/agenciacreamos.com\/?page_id=105"},"modified":"2025-05-02T18:50:31","modified_gmt":"2025-05-03T00:50:31","slug":"sobre-nosotros","status":"publish","type":"page","link":"https:\/\/www.agenciacreamos.com\/en\/sobre-nosotros\/","title":{"rendered":"About Us"},"content":{"rendered":"<div data-elementor-type=\"wp-page\" data-elementor-id=\"105\" class=\"elementor elementor-105\" data-elementor-post-type=\"page\">\n\t\t\t\t\t\t<section class=\"elementor-section elementor-top-section elementor-element elementor-element-6059d894 elementor-section-height-min-height elementor-section-boxed elementor-section-height-default elementor-section-items-middle\" data-id=\"6059d894\" data-element_type=\"section\" data-settings=\"{&quot;background_background&quot;:&quot;classic&quot;}\">\n\t\t\t\t\t\t\t<div class=\"elementor-background-overlay\"><\/div>\n\t\t\t\t\t\t\t<div class=\"elementor-container elementor-column-gap-default\">\n\t\t\t\t\t<div class=\"elementor-column elementor-col-100 elementor-top-column elementor-element elementor-element-398ceb80\" data-id=\"398ceb80\" data-element_type=\"column\" data-settings=\"{&quot;background_background&quot;:&quot;classic&quot;}\">\n\t\t\t<div class=\"elementor-widget-wrap elementor-element-populated\">\n\t\t\t\t\t\t<div class=\"elementor-element elementor-element-106e8f6b animated-slow elementor-invisible elementor-widget elementor-widget-heading\" data-id=\"106e8f6b\" data-element_type=\"widget\" data-settings=\"{&quot;_animation&quot;:&quot;fadeInLeft&quot;}\" data-widget_type=\"heading.default\">\n\t\t\t\t<div class=\"elementor-widget-container\">\n\t\t\t\t\t<h1 class=\"elementor-heading-title elementor-size-default\">About Us<\/h1>\t\t\t\t<\/div>\n\t\t\t\t<\/div>\n\t\t\t\t<div class=\"elementor-element elementor-element-1924585 animated-fast elementor-widget-divider--view-line elementor-invisible elementor-widget elementor-widget-divider\" data-id=\"1924585\" data-element_type=\"widget\" data-settings=\"{&quot;_animation&quot;:&quot;slideInLeft&quot;,&quot;_animation_delay&quot;:0.5}\" data-widget_type=\"divider.default\">\n\t\t\t\t<div class=\"elementor-widget-container\">\n\t\t\t\t\t\t\t<div class=\"elementor-divider\">\n\t\t\t<span class=\"elementor-divider-separator\">\n\t\t\t\t\t\t<\/span>\n\t\t<\/div>\n\t\t\t\t\t\t<\/div>\n\t\t\t\t<\/div>\n\t\t\t\t\t<\/div>\n\t\t<\/div>\n\t\t\t\t\t<\/div>\n\t\t<\/section>\n\t\t\t\t<section class=\"elementor-section elementor-top-section elementor-element elementor-element-5dd73a1a elementor-section-boxed elementor-section-height-default elementor-section-height-default\" data-id=\"5dd73a1a\" data-element_type=\"section\">\n\t\t\t\t\t\t<div class=\"elementor-container elementor-column-gap-default\">\n\t\t\t\t\t<div class=\"elementor-column elementor-col-100 elementor-top-column elementor-element elementor-element-68a6e108 elementor-invisible\" data-id=\"68a6e108\" data-element_type=\"column\" data-settings=\"{&quot;animation&quot;:&quot;slideInUp&quot;}\">\n\t\t\t<div class=\"elementor-widget-wrap elementor-element-populated\">\n\t\t\t\t\t\t<section class=\"elementor-section elementor-inner-section elementor-element elementor-element-7071565c elementor-section-boxed elementor-section-height-default elementor-section-height-default\" data-id=\"7071565c\" data-element_type=\"section\">\n\t\t\t\t\t\t<div class=\"elementor-container elementor-column-gap-default\">\n\t\t\t\t\t<div class=\"elementor-column elementor-col-100 elementor-inner-column elementor-element elementor-element-fa8c698 elementor-invisible\" data-id=\"fa8c698\" data-element_type=\"column\" data-settings=\"{&quot;animation&quot;:&quot;slideInUp&quot;}\">\n\t\t\t<div class=\"elementor-widget-wrap elementor-element-populated\">\n\t\t\t\t\t\t<div class=\"elementor-element elementor-element-3bb1808a elementor-widget elementor-widget-heading\" data-id=\"3bb1808a\" data-element_type=\"widget\" data-widget_type=\"heading.default\">\n\t\t\t\t<div class=\"elementor-widget-container\">\n\t\t\t\t\t<h2 class=\"elementor-heading-title elementor-size-default\">Con\u00f3cenos<\/h2>\t\t\t\t<\/div>\n\t\t\t\t<\/div>\n\t\t\t\t<div class=\"elementor-element elementor-element-512f1628 elementor-widget elementor-widget-text-editor\" data-id=\"512f1628\" data-element_type=\"widget\" data-widget_type=\"text-editor.default\">\n\t\t\t\t<div class=\"elementor-widget-container\">\n\t\t\t\t\t\t\t\t\t<p style=\"color: #000000; font-family: 'YAFdJt8dAY0 0', _fb_, auto; --cyv3zq: 20px; --gjplxq: 1.4; line-height: 28px;\"><span style=\"font-kerning: none;\">En Agencia Creamos, nos dedicamos a transformar ideas en realidades. Somos un equipo de profesionales apasionados por el dise\u00f1o, la creatividad y la innovaci\u00f3n. Nuestro objetivo es ofrecer soluciones personalizadas que se adapten a las necesidades \u00fanicas de cada cliente.<\/span><\/p>\n<p style=\"color: #000000; font-family: 'YAFdJt8dAY0 0', _fb_, auto; --cyv3zq: 20px; --gjplxq: 1.4; line-height: 28px;\"><span style=\"font-kerning: none;\"><br><\/span><\/p><p style=\"color: #000000; font-family: 'YAFdJt8dAY0 0', _fb_, auto; --cyv3zq: 20px; --gjplxq: 1.4; line-height: 28px;\"><span style=\"font-kerning: none;\">Con a\u00f1os de experiencia en el sector, combinamos talento y tecnolog\u00eda para crear proyectos que destacan por su calidad y originalidad. Desde el dise\u00f1o gr\u00e1fico hasta el desarrollo web, cada proyecto es una oportunidad para superar expectativas y construir relaciones duraderas con nuestros clientes.<\/span><\/p>\n<p style=\"color: #000000; font-family: 'YAFdJt8dAY0 0', _fb_, auto; --cyv3zq: 20px; --gjplxq: 1.4; line-height: 28px;\"><span style=\"font-kerning: none;\"><br><\/span><\/p><p style=\"color: #000000; font-family: 'YAFdJt8dAY0 0', _fb_, auto; --cyv3zq: 20px; --gjplxq: 1.4; line-height: 28px;\"><span style=\"font-kerning: none;\">En Agencia Creamos, creemos en el poder de la colaboraci\u00f3n y la comunicaci\u00f3n abierta. Trabajamos codo a codo con nuestros clientes para entender sus objetivos y ofrecer resultados que no solo cumplen, sino que superan sus expectativas.<\/span><\/p>\n<p style=\"color: #000000; font-family: 'YAFdJt8dAY0 0', _fb_, auto; --cyv3zq: 20px; --gjplxq: 1.4; line-height: 28px;\"><span style=\"font-kerning: none;\"><br><\/span><\/p><p style=\"color: #000000; font-family: 'YAFdJt8dAY0 0', _fb_, auto; --cyv3zq: 20px; --gjplxq: 1.4; line-height: 28px;\"><span style=\"font-kerning: none;\">Valoramos cada desaf\u00edo como una oportunidad para aprender y crecer junto a nuestros clientes. Nuestra filosof\u00eda se basa en el compromiso y la dedicaci\u00f3n, asegur\u00e1ndonos de que cada paso del proceso creativo est\u00e9 alineado con la visi\u00f3n y los valores del cliente.<\/span><\/p>\n<p style=\"color: #000000; font-family: 'YAFdJt8dAY0 0', _fb_, auto; --cyv3zq: 20px; --gjplxq: 1.4; line-height: 28px;\"><span style=\"font-kerning: none;\"><br><\/span><\/p><p style=\"color: #000000; font-family: 'YAFdJt8dAY0 0', _fb_, auto; --cyv3zq: 20px; --gjplxq: 1.4; line-height: 28px;\"><span style=\"font-kerning: none;\">Nos enorgullece contar con un equipo diverso y multifac\u00e9tico, donde cada miembro aporta su experiencia y perspectiva \u00fanica. Esto nos permite abordar cada proyecto desde distintos \u00e1ngulos, garantizando soluciones innovadoras y efectivas.<\/span><\/p>\n<p style=\"color: #000000; font-family: 'YAFdJt8dAY0 0', _fb_, auto; --cyv3zq: 20px; --gjplxq: 1.4; line-height: 28px;\"><span style=\"font-kerning: none;\"><br><\/span><\/p><p style=\"color: #000000; font-family: 'YAFdJt8dAY0 0', _fb_, auto; --cyv3zq: 20px; --gjplxq: 1.4; line-height: 28px;\"><span style=\"font-kerning: none;\">Adem\u00e1s, estamos comprometidos con el desarrollo sostenible y la responsabilidad social, integrando pr\u00e1cticas que promueven el cuidado del medio ambiente y el bienestar de la comunidad. Creemos que el \u00e9xito no solo se mide por los resultados, sino tambi\u00e9n por el impacto positivo que generamos en nuestro entorno.<\/span><\/p>\n<p style=\"color: #000000; font-family: 'YAFdJt8dAY0 0', _fb_, auto; --cyv3zq: 20px; --gjplxq: 1.4; line-height: 28px;\"><span style=\"font-kerning: none;\"><br><\/span><\/p><p style=\"color: #000000; font-family: 'YAFdJt8dAY0 0', _fb_, auto; --cyv3zq: 20px; --gjplxq: 1.4; line-height: 28px;\"><span style=\"font-kerning: none;\">Ya sea que est\u00e9s buscando revitalizar tu marca, lanzar un nuevo producto o mejorar tu presencia en l\u00ednea, estamos aqu\u00ed para ayudarte a dar el siguiente paso. Nuestra pasi\u00f3n por el dise\u00f1o y la tecnolog\u00eda se refleja en cada proyecto que emprendemos, asegur\u00e1ndonos de que cada detalle est\u00e9 cuidadosamente considerado para ofrecer una experiencia inolvidable.<\/span><\/p>\n<p style=\"color: #000000; font-family: 'YAFdJt8dAY0 0', _fb_, auto; --cyv3zq: 20px; --gjplxq: 1.4; line-height: 28px;\"><span style=\"font-kerning: none;\"><br><\/span><\/p><p style=\"color: #000000; font-family: 'YAFdJt8dAY0 0', _fb_, auto; --cyv3zq: 20px; --gjplxq: 1.4; line-height: 28px;\"><span style=\"font-kerning: none;\">Nos esforzamos por mantenernos a la vanguardia de las tendencias y tecnolog\u00edas emergentes, lo que nos permite ofrecer soluciones modernas y eficaces que mantienen a nuestros clientes un paso adelante de la competencia. En Agencia Creamos, cada proyecto es m\u00e1s que una tarea; es una oportunidad para innovar y crear algo extraordinario.<\/span><\/p>\n<p style=\"color: #000000; font-family: 'YAFdJt8dAY0 0', _fb_, auto; --cyv3zq: 20px; --gjplxq: 1.4; line-height: 28px;\"><span style=\"font-kerning: none;\"><br><\/span><\/p><p style=\"color: #000000; font-family: 'YAFdJt8dAY0 0', _fb_, auto; --cyv3zq: 20px; --gjplxq: 1.4; line-height: 28px;\"><span style=\"font-kerning: none;\">Si deseas saber m\u00e1s sobre c\u00f3mo podemos ayudarte a alcanzar tus objetivos, no dudes en ponerte en contacto con nosotros. Estamos ansiosos por conocer tus ideas y explorar juntos las posibilidades que nos esperan. \u00a1Hablemos y comencemos a crear algo incre\u00edble hoy mismo!<\/span><\/p>\n<p style=\"color: #000000; font-family: 'YAFdJt8dAY0 0', _fb_, auto; --cyv3zq: 20px; --gjplxq: 1.4; line-height: 28px;\"><span style=\"font-kerning: none;\"><br><\/span><\/p><p style=\"color: #000000; font-family: 'YAFdJt8dAY0 0', _fb_, auto; --cyv3zq: 20px; --gjplxq: 1.4; line-height: 28px;\"><span style=\"font-kerning: none;\">Estamos emocionados por la oportunidad de trabajar contigo y construir juntos el futuro que imaginas.&nbsp;<\/span><\/p>\n<p style=\"color: #000000; font-family: 'YAFdJt8dAY0 0', _fb_, auto; --cyv3zq: 20px; --gjplxq: 1.4; line-height: 28px;\"><span style=\"font-kerning: none;\">\u00a1Bienvenido a Agencia Creamos, donde tus ideas cobran vida!<\/span><\/p>\t\t\t\t\t\t\t\t<\/div>\n\t\t\t\t<\/div>\n\t\t\t\t\t<\/div>\n\t\t<\/div>\n\t\t\t\t\t<\/div>\n\t\t<\/section>\n\t\t\t\t\t<\/div>\n\t\t<\/div>\n\t\t\t\t\t<\/div>\n\t\t<\/section>\n\t\t\t\t<\/div>","protected":false},"excerpt":{"rendered":"<p>Sobre nosotros Con\u00f3cenos En Agencia Creamos, nos dedicamos a transformar ideas en realidades. Somos un equipo de profesionales apasionados por el dise\u00f1o, la creatividad y la innovaci\u00f3n. Nuestro objetivo es ofrecer soluciones personalizadas que se adapten a las necesidades \u00fanicas de cada cliente. Con a\u00f1os de experiencia en el sector, combinamos talento y tecnolog\u00eda para [&hellip;]<\/p>","protected":false},"author":1,"featured_media":0,"parent":0,"menu_order":0,"comment_status":"closed","ping_status":"closed","template":"","meta":{"_acf_changed":false,"_monsterinsights_skip_tracking":false,"_monsterinsights_sitenote_active":false,"_monsterinsights_sitenote_note":"","_monsterinsights_sitenote_category":0,"footnotes":""},"class_list":["post-105","page","type-page","status-publish","hentry"],"acf":[],"yoast_head":"<!-- This site is optimized with the Yoast SEO plugin v22.9 - https:\/\/yoast.com\/wordpress\/plugins\/seo\/ -->\n<title>Sobre Nosotros - Agencia Creamos<\/title>\n<meta name=\"robots\" content=\"index, follow, max-snippet:-1, max-image-preview:large, max-video-preview:-1\" \/>\n<link rel=\"canonical\" href=\"https:\/\/www.agenciacreamos.com\/en\/sobre-nosotros\/\" \/>\n<meta property=\"og:locale\" content=\"en_US\" \/>\n<meta property=\"og:type\" content=\"article\" \/>\n<meta property=\"og:title\" content=\"Sobre Nosotros - Agencia Creamos\" \/>\n<meta property=\"og:description\" content=\"Sobre nosotros Con\u00f3cenos En Agencia Creamos, nos dedicamos a transformar ideas en realidades. Somos un equipo de profesionales apasionados por el dise\u00f1o, la creatividad y la innovaci\u00f3n. Nuestro objetivo es ofrecer soluciones personalizadas que se adapten a las necesidades \u00fanicas de cada cliente. Con a\u00f1os de experiencia en el sector, combinamos talento y tecnolog\u00eda para [&hellip;]\" \/>\n<meta property=\"og:url\" content=\"https:\/\/www.agenciacreamos.com\/en\/sobre-nosotros\/\" \/>\n<meta property=\"og:site_name\" content=\"Agencia Creamos\" \/>\n<meta property=\"article:publisher\" content=\"https:\/\/www.facebook.com\/agenciacreamoscr\" \/>\n<meta property=\"article:modified_time\" content=\"2025-05-03T00:50:31+00:00\" \/>\n<meta name=\"twitter:card\" content=\"summary_large_image\" \/>\n<meta name=\"twitter:label1\" content=\"Est. reading time\" \/>\n\t<meta name=\"twitter:data1\" content=\"2 minutes\" \/>\n<script type=\"application\/ld+json\" class=\"yoast-schema-graph\">{\"@context\":\"https:\/\/schema.org\",\"@graph\":[{\"@type\":\"WebPage\",\"@id\":\"https:\/\/www.agenciacreamos.com\/sobre-nosotros\/\",\"url\":\"https:\/\/www.agenciacreamos.com\/sobre-nosotros\/\",\"name\":\"Sobre Nosotros - Agencia Creamos\",\"isPartOf\":{\"@id\":\"https:\/\/www.agenciacreamos.com\/#website\"},\"datePublished\":\"2023-09-21T02:59:56+00:00\",\"dateModified\":\"2025-05-03T00:50:31+00:00\",\"breadcrumb\":{\"@id\":\"https:\/\/www.agenciacreamos.com\/sobre-nosotros\/#breadcrumb\"},\"inLanguage\":\"en-US\",\"potentialAction\":[{\"@type\":\"ReadAction\",\"target\":[\"https:\/\/www.agenciacreamos.com\/sobre-nosotros\/\"]}]},{\"@type\":\"BreadcrumbList\",\"@id\":\"https:\/\/www.agenciacreamos.com\/sobre-nosotros\/#breadcrumb\",\"itemListElement\":[{\"@type\":\"ListItem\",\"position\":1,\"name\":\"Home\",\"item\":\"https:\/\/www.agenciacreamos.com\/\"},{\"@type\":\"ListItem\",\"position\":2,\"name\":\"Sobre Nosotros\"}]},{\"@type\":\"WebSite\",\"@id\":\"https:\/\/www.agenciacreamos.com\/#website\",\"url\":\"https:\/\/www.agenciacreamos.com\/\",\"name\":\"Agencia Creamos\",\"description\":\"Agencia de Servicios Digitales\",\"publisher\":{\"@id\":\"https:\/\/www.agenciacreamos.com\/#organization\"},\"potentialAction\":[{\"@type\":\"SearchAction\",\"target\":{\"@type\":\"EntryPoint\",\"urlTemplate\":\"https:\/\/www.agenciacreamos.com\/?s={search_term_string}\"},\"query-input\":\"required name=search_term_string\"}],\"inLanguage\":\"en-US\"},{\"@type\":\"Organization\",\"@id\":\"https:\/\/www.agenciacreamos.com\/#organization\",\"name\":\"Agencia Creamos\",\"url\":\"https:\/\/www.agenciacreamos.com\/\",\"logo\":{\"@type\":\"ImageObject\",\"inLanguage\":\"en-US\",\"@id\":\"https:\/\/www.agenciacreamos.com\/#\/schema\/logo\/image\/\",\"url\":\"https:\/\/agenciacreamos.com\/wp-content\/uploads\/2024\/05\/creamos-logo-transparent.png\",\"contentUrl\":\"https:\/\/agenciacreamos.com\/wp-content\/uploads\/2024\/05\/creamos-logo-transparent.png\",\"width\":766,\"height\":158,\"caption\":\"Agencia Creamos\"},\"image\":{\"@id\":\"https:\/\/www.agenciacreamos.com\/#\/schema\/logo\/image\/\"},\"sameAs\":[\"https:\/\/www.facebook.com\/agenciacreamoscr\",\"https:\/\/www.instagram.com\/agenciacreamoscr?fbclid=IwAR3kBAnTr8MxBM92WF73g_erRSbFgkCbhhyfXbB5FpF8g0i2E0ghmVv5Pn8\"]}]}<\/script>\n<!-- \/ Yoast SEO plugin. -->","yoast_head_json":{"title":"Sobre Nosotros - Agencia Creamos","robots":{"index":"index","follow":"follow","max-snippet":"max-snippet:-1","max-image-preview":"max-image-preview:large","max-video-preview":"max-video-preview:-1"},"canonical":"https:\/\/www.agenciacreamos.com\/en\/sobre-nosotros\/","og_locale":"en_US","og_type":"article","og_title":"Sobre Nosotros - Agencia Creamos","og_description":"Sobre nosotros Con\u00f3cenos En Agencia Creamos, nos dedicamos a transformar ideas en realidades. Somos un equipo de profesionales apasionados por el dise\u00f1o, la creatividad y la innovaci\u00f3n. Nuestro objetivo es ofrecer soluciones personalizadas que se adapten a las necesidades \u00fanicas de cada cliente. Con a\u00f1os de experiencia en el sector, combinamos talento y tecnolog\u00eda para [&hellip;]","og_url":"https:\/\/www.agenciacreamos.com\/en\/sobre-nosotros\/","og_site_name":"Agencia Creamos","article_publisher":"https:\/\/www.facebook.com\/agenciacreamoscr","article_modified_time":"2025-05-03T00:50:31+00:00","twitter_card":"summary_large_image","twitter_misc":{"Est. reading time":"2 minutes"},"schema":{"@context":"https:\/\/schema.org","@graph":[{"@type":"WebPage","@id":"https:\/\/www.agenciacreamos.com\/sobre-nosotros\/","url":"https:\/\/www.agenciacreamos.com\/sobre-nosotros\/","name":"Sobre Nosotros - Agencia Creamos","isPartOf":{"@id":"https:\/\/www.agenciacreamos.com\/#website"},"datePublished":"2023-09-21T02:59:56+00:00","dateModified":"2025-05-03T00:50:31+00:00","breadcrumb":{"@id":"https:\/\/www.agenciacreamos.com\/sobre-nosotros\/#breadcrumb"},"inLanguage":"en-US","potentialAction":[{"@type":"ReadAction","target":["https:\/\/www.agenciacreamos.com\/sobre-nosotros\/"]}]},{"@type":"BreadcrumbList","@id":"https:\/\/www.agenciacreamos.com\/sobre-nosotros\/#breadcrumb","itemListElement":[{"@type":"ListItem","position":1,"name":"Home","item":"https:\/\/www.agenciacreamos.com\/"},{"@type":"ListItem","position":2,"name":"Sobre Nosotros"}]},{"@type":"WebSite","@id":"https:\/\/www.agenciacreamos.com\/#website","url":"https:\/\/www.agenciacreamos.com\/","name":"Agencia Creamos","description":"Agencia de Servicios Digitales","publisher":{"@id":"https:\/\/www.agenciacreamos.com\/#organization"},"potentialAction":[{"@type":"SearchAction","target":{"@type":"EntryPoint","urlTemplate":"https:\/\/www.agenciacreamos.com\/?s={search_term_string}"},"query-input":"required name=search_term_string"}],"inLanguage":"en-US"},{"@type":"Organization","@id":"https:\/\/www.agenciacreamos.com\/#organization","name":"Agencia Creamos","url":"https:\/\/www.agenciacreamos.com\/","logo":{"@type":"ImageObject","inLanguage":"en-US","@id":"https:\/\/www.agenciacreamos.com\/#\/schema\/logo\/image\/","url":"https:\/\/agenciacreamos.com\/wp-content\/uploads\/2024\/05\/creamos-logo-transparent.png","contentUrl":"https:\/\/agenciacreamos.com\/wp-content\/uploads\/2024\/05\/creamos-logo-transparent.png","width":766,"height":158,"caption":"Agencia Creamos"},"image":{"@id":"https:\/\/www.agenciacreamos.com\/#\/schema\/logo\/image\/"},"sameAs":["https:\/\/www.facebook.com\/agenciacreamoscr","https:\/\/www.instagram.com\/agenciacreamoscr?fbclid=IwAR3kBAnTr8MxBM92WF73g_erRSbFgkCbhhyfXbB5FpF8g0i2E0ghmVv5Pn8"]}]}},"_links":{"self":[{"href":"https:\/\/www.agenciacreamos.com\/en\/wp-json\/wp\/v2\/pages\/105","targetHints":{"allow":["GET"]}}],"collection":[{"href":"https:\/\/www.agenciacreamos.com\/en\/wp-json\/wp\/v2\/pages"}],"about":[{"href":"https:\/\/www.agenciacreamos.com\/en\/wp-json\/wp\/v2\/types\/page"}],"author":[{"embeddable":true,"href":"https:\/\/www.agenciacreamos.com\/en\/wp-json\/wp\/v2\/users\/1"}],"replies":[{"embeddable":true,"href":"https:\/\/www.agenciacreamos.com\/en\/wp-json\/wp\/v2\/comments?post=105"}],"version-history":[{"count":32,"href":"https:\/\/www.agenciacreamos.com\/en\/wp-json\/wp\/v2\/pages\/105\/revisions"}],"predecessor-version":[{"id":1344,"href":"https:\/\/www.agenciacreamos.com\/en\/wp-json\/wp\/v2\/pages\/105\/revisions\/1344"}],"wp:attachment":[{"href":"https:\/\/www.agenciacreamos.com\/en\/wp-json\/wp\/v2\/media?parent=105"}],"curies":[{"name":"wp","href":"https:\/\/api.w.org\/{rel}","templated":true}]}}